{"id":77,"date":"2024-10-24T10:24:20","date_gmt":"2024-10-24T10:24:20","guid":{"rendered":"https:\/\/awplife.com\/demo\/neom-business\/?page_id=15"},"modified":"2025-03-12T20:04:23","modified_gmt":"2025-03-12T20:04:23","slug":"contact-page","status":"publish","type":"page","link":"https:\/\/www.aztekexpo.com\/finance\/contact-page\/","title":{"rendered":"Contacts"},"content":{"rendered":"\n<!DOCTYPE html>\n<html lang=\"en\">\n<head>\n    <meta charset=\"UTF-8\">\n    <meta name=\"viewport\" content=\"width=device-width, initial-scale=1.0\">\n    <title>Contact Us &#8211; Aztek Expo<\/title>\n    <link href=\"https:\/\/cdn.jsdelivr.net\/npm\/tailwindcss@2.2.19\/dist\/tailwind.min.css\" rel=\"stylesheet\">\n    <style>\n        body {\n            background-image: url('https:\/\/www.aztekexpo.com\/assets\/bg-contact.jpg');\n            background-size: cover;\n            background-position: center;\n        }\n        .overlay {\n            background-color: rgba(255, 255, 255, 0.8);\n            padding: 20px;\n            border-radius: 10px;\n        }\n    <\/style>\n<\/head>\n<body class=\"bg-gray-100 flex items-center justify-center min-h-screen\">\n    <div class=\"container mx-auto p-8 overlay\">\n        <h1 class=\"text-3xl font-bold text-center text-blue-600 mb-8\">Contact Us<\/h1>\n        <div class=\"grid grid-cols-1 md:grid-cols-2 gap-8\">\n            <div>\n                <h2 class=\"text-2xl font-semibold mb-4\">Get in Touch<\/h2>\n                <p><strong>Address:<\/strong> So\u011fanl\u0131k Yeni, Baltac\u0131 Mehmet Pa\u015fa Sk. No:4, Moment \u0130stanbul B Blok D:184, 34880 Kartal\/Istanbul<\/p>\n                <p><strong>Phone:<\/strong> +90(532) 744 98 35<\/p>\n                <p><strong>Email:<\/strong> <a href=\"mailto:info@aztekexpo.com\" class=\"text-blue-500\">info@aztekexpo.com<\/a><\/p>\n                <div class=\"mt-4\">\n                    <iframe \n                        src=\"https:\/\/www.google.com\/maps\/embed?pb=!1m18!1m12!1m3!1d3060.8463674785085!2d29.17866331535561!3d40.91961457930898!2m3!1f0!2f0!3f0!3m2!1i1024!2i768!4f13.1!3m3!1m2!1s0x14cad04e58f32f9b%3A0x8d93b8f6b6e6e7e8!2sBaltac%C4%B1%20Mehmet%20Pa%C5%9Fa%20Sk.%2C%20So%C4%9Fanl%C4%B1k%20Yeni%2C%20Kartal%2F%C4%B0stanbul!5e0!3m2!1sen!2str!4v1627392373459!5m2!1sen!2str\" \n                        width=\"100%\" \n                        height=\"300\" \n                        style=\"border:0;\" \n                        allowfullscreen=\"\" \n                        loading=\"lazy\">\n                    <\/iframe>\n                <\/div>\n            <\/div>\n            <div>\n                <h2 class=\"text-2xl font-semibold mb-4\">Contact Form<\/h2>\n                <form action=\"send_mail.php\" method=\"POST\" class=\"bg-white p-6 rounded-lg shadow-lg\">\n                    <div class=\"mb-4\">\n                        <label class=\"block text-sm font-medium text-gray-700\">Name<\/label>\n                        <input type=\"text\" name=\"name\" required class=\"mt-1 block w-full p-2 border border-gray-300 rounded-md\">\n                    <\/div>\n                    <div class=\"mb-4\">\n                        <label class=\"block text-sm font-medium text-gray-700\">Email<\/label>\n                        <input type=\"email\" name=\"email\" required class=\"mt-1 block w-full p-2 border border-gray-300 rounded-md\">\n                    <\/div>\n                    <div class=\"mb-4\">\n                        <label class=\"block text-sm font-medium text-gray-700\">Subject<\/label>\n                        <input type=\"text\" name=\"subject\" required class=\"mt-1 block w-full p-2 border border-gray-300 rounded-md\">\n                    <\/div>\n                    <div class=\"mb-4\">\n                        <label class=\"block text-sm font-medium text-gray-700\">Message<\/label>\n                        <textarea name=\"message\" rows=\"4\" required class=\"mt-1 block w-full p-2 border border-gray-300 rounded-md\"><\/textarea>\n                    <\/div>\n                    <button type=\"submit\" class=\"bg-blue-600 text-white px-4 py-2 rounded-md hover:bg-blue-700\">Send<\/button>\n                <\/form>\n            <\/div>\n        <\/div>\n    <\/div>\n<\/body>\n<\/html>\n\n\n\n<div class=\"wp-block-columns is-layout-flex wp-container-core-columns-is-layout-9d6595d7 wp-block-columns-is-layout-flex\">\n<div class=\"wp-block-column is-layout-flow wp-block-column-is-layout-flow\" style=\"flex-basis:33.33%\"><\/div>\n<\/div>\n","protected":false},"excerpt":{"rendered":"<p>Contact Us &#8211; Aztek Expo Contact Us Get in Touch Address: So\u011fanl\u0131k Yeni, Baltac\u0131 Mehmet Pa\u015fa Sk. No:4, Moment \u0130stanbul B Blok D:184, 34880 Kartal\/Istanbul Phone: +90(532) 744 98 35 Email: info@aztekexpo.com Contact Form Name Email Subject Message Send<\/p>\n","protected":false},"author":1,"featured_media":0,"parent":0,"menu_order":0,"comment_status":"closed","ping_status":"closed","template":"page-templates\/full-width.php","meta":{"footnotes":""},"class_list":["post-77","page","type-page","status-publish","hentry"],"_links":{"self":[{"href":"https:\/\/www.aztekexpo.com\/finance\/wp-json\/wp\/v2\/pages\/77","targetHints":{"allow":["GET"]}}],"collection":[{"href":"https:\/\/www.aztekexpo.com\/finance\/wp-json\/wp\/v2\/pages"}],"about":[{"href":"https:\/\/www.aztekexpo.com\/finance\/wp-json\/wp\/v2\/types\/page"}],"author":[{"embeddable":true,"href":"https:\/\/www.aztekexpo.com\/finance\/wp-json\/wp\/v2\/users\/1"}],"replies":[{"embeddable":true,"href":"https:\/\/www.aztekexpo.com\/finance\/wp-json\/wp\/v2\/comments?post=77"}],"version-history":[{"count":11,"href":"https:\/\/www.aztekexpo.com\/finance\/wp-json\/wp\/v2\/pages\/77\/revisions"}],"predecessor-version":[{"id":346,"href":"https:\/\/www.aztekexpo.com\/finance\/wp-json\/wp\/v2\/pages\/77\/revisions\/346"}],"wp:attachment":[{"href":"https:\/\/www.aztekexpo.com\/finance\/wp-json\/wp\/v2\/media?parent=77"}],"curies":[{"name":"wp","href":"https:\/\/api.w.org\/{rel}","templated":true}]}}